{"id":64,"date":"2021-12-28T15:35:27","date_gmt":"2021-12-28T14:35:27","guid":{"rendered":"http:\/\/www.juliaheim.de\/?page_id=64"},"modified":"2022-01-06T12:09:42","modified_gmt":"2022-01-06T11:09:42","slug":"julia-heim-pferdeosteopathin","status":"publish","type":"page","link":"http:\/\/www.juliaheim.de\/index.php\/julia-heim-pferdeosteopathin\/","title":{"rendered":"\u00dcber mich"},"content":{"rendered":"\n<p id=\"block-408348de-3740-4ec6-b0b1-8d32aba5fb94\">Meine Liebe zu Pferden entdeckte ich bereits im Alter von 4 Jahren, denn ich begleitete meine \u00e4lteren Bruder zu seinen Reitstunden beim \u00f6rtlichen Therapieverein. Mit 6 Jahren durfte ich endlich an den Voltigierstunden teilnehmen. Als ich 7 Jahre alt war, schaffte meine Familie ihren ersten Freiberger, die Stute Mandoline an, ich liebte es auf ihr spazieren gef\u00fchrt zu werden. Meine Gro\u00dfeltern schenkten mir mein erstes Pony zum 9. Geburtstag. Barangie war ein Welsh Cob x Araber Mix. Ich liebte ihn sehr, auch wenn er es mir nicht gerade leicht machte. 2008 verstarb Barangi an einer Kolik und f\u00fcr mich brach die Welt zusammen.<\/p>\n\n\n\n<p id=\"block-af245f6f-4c80-4145-9d51-d28f75cd51be\">Inzwischen hatte meine Familie eine Stall gepachtet und das erste eigene Freibergerfohlen gezogen. So wurde mein n\u00e4chstes eigenes Pferd Samira ebenfalls ein Freiberger. Seit 2012 haben wir einen eigenen kleinen Hof und betreiben seit 2017 eine eigene kleine Freibergerzucht. <a rel=\"noreferrer noopener\" href=\"http:\/\/freibergerzweipunktnull.de\" target=\"_blank\">(www.freibergerzweipunktnull.de)<\/a> <\/p>\n\n\n\n<p id=\"block-2bde195b-5c8b-468e-bbdc-c62c61b95a32\">Meine beiden Sch\u00fclerpraktika absolvierte ich bei den Hufschmieden Andreas Prediger (2012) und Klaus Laschinski (2014).<\/p>\n\n\n\n<p id=\"block-68d2754d-1028-4043-9bab-0fee5435d14d\">Im Laufe meiner reiterlichen Laufbahn sammelte ich vielf\u00e4ltige Erfahrungen bei verschiedenen Trainern. Ich sammelte Erfahrungen bei Trainern der FN, des Natural Horsemanship, Westernreiten, L\u00e9g\u00e8ret\u00e9 (Phillipe Karl) und des klassisch barocken Reistils. Auf einem Reiterhof im Emsland sammelte ich Erfahrung im Beritt von rohen Pferden und in der F\u00fchrung von Ausritten. Durch unsere Freiberger verf\u00fcge ich \u00fcber Erfahrungen im Fahrsport. Die Suche nach Input, der die Lernbed\u00fcrfnisse und -f\u00e4higkeiten von Pferd und Reiter, die Bewegungsqualit\u00e4t in Sinne der Gesunderhaltung aber auch die Freude daran sich weiter zu entwickeln in den Mittelpunkt r\u00fcckt, war sehr schwierig. Oft werden Pferde aber auch Reiter in Schablonen gepresst, die die nat\u00fcrlichen Voraussetzungen nicht respektieren. Meine individuellen L\u00f6sungsans\u00e4tze erhalten Pferd und Reiter die Freunde am Lernen, so dass es m\u00f6glich ist \u00fcber die vermeintlichen Grenzen hinauszuwachsen.<\/p>\n\n\n\n<p id=\"block-1611fd70-a69b-40e6-b13f-5f36cc6618cd\">Seit meiner ersten Begegnung mit Barbara Welter-B\u00f6ller, im Alter von 11 Jahren tr\u00e4umte ich davon Pferdeosteopathin zu werden. Nach Abschluss meiner Ausbildung zur Krankenschwester im Jahr 2019 erf\u00fcllte ich mir meinen Traum und schloss die Ausbildung zur Osteopathischen Pferdetherapeutin nach Barbara Welter-B\u00f6ller\u00ae im Dezember 2021 ab. Die Ausbildung zeichnete sich nicht nur durch fundierte theoretischen Unterricht und umfassende Wissensvermittlung anatomischer Kenntnisse aus, sondern umfasst im Gegensatz zu osteopathischen Ausbildungen anderer Anbieter auch ein umfangreiches Stundenkontingent zur \u00dcbung von Befundung und Behandlung, so dass man bereits nach Abschluss der Ausbildung \u00fcber viele Stunden praktischer Erfahrung verf\u00fcgt. Auch die Einbindung osteopathischer Grunds\u00e4tze in das Training ist ein Schwerpunkt, der mir sehr wichtig ist.<\/p>\n\n\n\n<figure class=\"wp-block-image size-large is-style-default\"><img loading=\"lazy\" decoding=\"async\" width=\"576\" height=\"1024\" src=\"http:\/\/www.juliaheim.de\/wp-content\/uploads\/2021\/12\/JuleDioSami3577169-576x1024.jpg\" alt=\"\" class=\"wp-image-71\" srcset=\"http:\/\/www.juliaheim.de\/wp-content\/uploads\/2021\/12\/JuleDioSami3577169-576x1024.jpg 576w, http:\/\/www.juliaheim.de\/wp-content\/uploads\/2021\/12\/JuleDioSami3577169-169x300.jpg 169w, http:\/\/www.juliaheim.de\/wp-content\/uploads\/2021\/12\/JuleDioSami3577169-768x1365.jpg 768w, http:\/\/www.juliaheim.de\/wp-content\/uploads\/2021\/12\/JuleDioSami3577169-864x1536.jpg 864w, http:\/\/www.juliaheim.de\/wp-content\/uploads\/2021\/12\/JuleDioSami3577169-1152x2048.jpg 1152w, http:\/\/www.juliaheim.de\/wp-content\/uploads\/2021\/12\/JuleDioSami3577169-scaled.jpg 1440w\" sizes=\"auto, (max-width: 576px) 100vw, 576px\" \/><figcaption>Julia Heim Pferdetherapie<\/figcaption><\/figure>\n","protected":false},"excerpt":{"rendered":"<p>Meine Liebe zu Pferden entdeckte ich bereits im Alter von 4 Jahren, denn ich begleitete meine \u00e4lteren Bruder zu seinen Reitstunden beim \u00f6rtlichen Therapieverein. Mit 6 Jahren durfte ich endlich an den Voltigierstunden teilnehmen. Als ich 7 Jahre alt war, &hellip; <a href=\"http:\/\/www.juliaheim.de\/index.php\/julia-heim-pferdeosteopathin\/\">Weiterlesen <span class=\"meta-nav\">&rarr;<\/span><\/a><\/p>\n","protected":false},"author":3,"featured_media":0,"parent":0,"menu_order":0,"comment_status":"closed","ping_status":"closed","template":"","meta":{"footnotes":""},"class_list":["post-64","page","type-page","status-publish","hentry"],"_links":{"self":[{"href":"http:\/\/www.juliaheim.de\/index.php\/wp-json\/wp\/v2\/pages\/64","targetHints":{"allow":["GET"]}}],"collection":[{"href":"http:\/\/www.juliaheim.de\/index.php\/wp-json\/wp\/v2\/pages"}],"about":[{"href":"http:\/\/www.juliaheim.de\/index.php\/wp-json\/wp\/v2\/types\/page"}],"author":[{"embeddable":true,"href":"http:\/\/www.juliaheim.de\/index.php\/wp-json\/wp\/v2\/users\/3"}],"replies":[{"embeddable":true,"href":"http:\/\/www.juliaheim.de\/index.php\/wp-json\/wp\/v2\/comments?post=64"}],"version-history":[{"count":5,"href":"http:\/\/www.juliaheim.de\/index.php\/wp-json\/wp\/v2\/pages\/64\/revisions"}],"predecessor-version":[{"id":107,"href":"http:\/\/www.juliaheim.de\/index.php\/wp-json\/wp\/v2\/pages\/64\/revisions\/107"}],"wp:attachment":[{"href":"http:\/\/www.juliaheim.de\/index.php\/wp-json\/wp\/v2\/media?parent=64"}],"curies":[{"name":"wp","href":"https:\/\/api.w.org\/{rel}","templated":true}]}}