{"id":114,"date":"2022-01-08T21:51:17","date_gmt":"2022-01-08T20:51:17","guid":{"rendered":"http:\/\/www.juliaheim.de\/?page_id=114"},"modified":"2022-01-08T22:13:01","modified_gmt":"2022-01-08T21:13:01","slug":"leistungen-und-ablaeufe","status":"publish","type":"page","link":"http:\/\/www.juliaheim.de\/index.php\/leistungen-und-ablaeufe\/","title":{"rendered":"Leistungen und Abl\u00e4ufe"},"content":{"rendered":"\n<div class=\"wp-block-columns is-layout-flex wp-container-core-columns-is-layout-9d6595d7 wp-block-columns-is-layout-flex\">\n<div class=\"wp-block-column is-layout-flow wp-block-column-is-layout-flow\" style=\"flex-basis:66.66%\">\n<p><strong>Osteopathische Behandlung nach Barbara Welter B\u00f6ller\u00ae<\/strong><\/p>\n<\/div>\n\n\n\n<div class=\"wp-block-column is-layout-flow wp-block-column-is-layout-flow\" style=\"flex-basis:33.33%\">\n<p><strong>Dauer ca 2 Stunden <\/strong><\/p>\n<\/div>\n<\/div>\n\n\n\n<p>Zu Beginn einer Behandlung f\u00fchren wir zusammen eine Anamnese durch, ihr erz\u00e4hlt mir etwas \u00fcber euer Pferd. Zum Beispiel Haltungsform, Nutzung, F\u00fctterung und ob es einen speziellen Grund f\u00fcr die Behandlung gibt. Ist euch beim reiten etwas aufgefallen? M\u00f6chte sich dein Pferd nicht nach links biegen oder oder tritt es schlecht unter? Ist es neulich auf der Wiese bl\u00f6d ausgerutscht? Hatte es vor kurzem einen Sehnenschaden oder hat es eine Erkrankung? Vielleicht m\u00f6chtet ihr aber auch nur einen Check Up von eurem Pferd haben? <br>Danach werde ich den Exterieur und den Trainingszustand beurteilen. Daf\u00fcr sollte das Pferd am besten trocken und geputzt sein. Als N\u00e4chstes m\u00f6chte ich mir das Pferd in der Bewegung an der Hand im Schritt auf Asphalt und an der Longe in allen Gangarten anschauen. Gibt es vielleicht Asymmetrien oder Schonhaltungen? Die Bewegungsanalyse gibt mir schon mal Hinweise auf auf eventuelle Probleme oder Behandlungsbed\u00fcrftige Muskelverspannungen. <br>Schlie\u00dflich geht es an die eigentliche Befundung eures Pferdes. Ich werde Gelenke und Muskeln nach ihrer Bewegungsm\u00f6glichkeit testen und so feststellen, was ich behandeln werde. Zu guter Letzt werde ich alle Befunde behandeln und euch eine Trainingsempfehlung geben, um das wiederkehren dieser Befunde zu vermeiden und die Ursachen daf\u00fcr abzustellen. Meine Behandlung wird durch das Novafon, funktionelle Tapes, Elektrostimulation und ab M\u00e4rz 2022 auch durch das Dry Needling erg\u00e4nzt. <\/p>\n\n\n\n<div class=\"wp-block-columns is-layout-flex wp-container-core-columns-is-layout-9d6595d7 wp-block-columns-is-layout-flex\"><\/div>\n\n\n\n<div class=\"wp-block-columns is-layout-flex wp-container-core-columns-is-layout-9d6595d7 wp-block-columns-is-layout-flex\"><\/div>\n\n\n\n<div class=\"wp-block-columns is-layout-flex wp-container-core-columns-is-layout-9d6595d7 wp-block-columns-is-layout-flex\">\n<div class=\"wp-block-column is-layout-flow wp-block-column-is-layout-flow\" style=\"flex-basis:66.66%\">\n<p><strong>Folgebehandlung <\/strong><\/p>\n<\/div>\n\n\n\n<div class=\"wp-block-column is-layout-flow wp-block-column-is-layout-flow\" style=\"flex-basis:33.33%\">\n<p><strong>Dauer ca 1 Stunde<\/strong><\/p>\n<\/div>\n<\/div>\n\n\n\n<div class=\"wp-block-columns is-layout-flex wp-container-core-columns-is-layout-9d6595d7 wp-block-columns-is-layout-flex\"><\/div>\n\n\n\n<p>Es kann vorkommen, dass eine Behandlung nicht ausreicht um alle Befunde zu behandeln. Das kann durch sehr manifeste oder sehr viele Befunde der Fall sein. Dann w\u00fcrden wir einen Termin zu einer Nachbehandlung machen. Dort behandle ich dann die \u00fcbrig gebliebenen Befunde. Es fallen die Ganganalyse und Teile der Befundung weg. <\/p>\n","protected":false},"excerpt":{"rendered":"<p>Osteopathische Behandlung nach Barbara Welter B\u00f6ller\u00ae Dauer ca 2 Stunden Zu Beginn einer Behandlung f\u00fchren wir zusammen eine Anamnese durch, ihr erz\u00e4hlt mir etwas \u00fcber euer Pferd. Zum Beispiel Haltungsform, Nutzung, F\u00fctterung und ob es einen speziellen Grund f\u00fcr die &hellip; <a href=\"http:\/\/www.juliaheim.de\/index.php\/leistungen-und-ablaeufe\/\">Weiterlesen <span class=\"meta-nav\">&rarr;<\/span><\/a><\/p>\n","protected":false},"author":1,"featured_media":0,"parent":0,"menu_order":0,"comment_status":"closed","ping_status":"closed","template":"","meta":{"footnotes":""},"class_list":["post-114","page","type-page","status-publish","hentry"],"_links":{"self":[{"href":"http:\/\/www.juliaheim.de\/index.php\/wp-json\/wp\/v2\/pages\/114","targetHints":{"allow":["GET"]}}],"collection":[{"href":"http:\/\/www.juliaheim.de\/index.php\/wp-json\/wp\/v2\/pages"}],"about":[{"href":"http:\/\/www.juliaheim.de\/index.php\/wp-json\/wp\/v2\/types\/page"}],"author":[{"embeddable":true,"href":"http:\/\/www.juliaheim.de\/index.php\/wp-json\/wp\/v2\/users\/1"}],"replies":[{"embeddable":true,"href":"http:\/\/www.juliaheim.de\/index.php\/wp-json\/wp\/v2\/comments?post=114"}],"version-history":[{"count":4,"href":"http:\/\/www.juliaheim.de\/index.php\/wp-json\/wp\/v2\/pages\/114\/revisions"}],"predecessor-version":[{"id":121,"href":"http:\/\/www.juliaheim.de\/index.php\/wp-json\/wp\/v2\/pages\/114\/revisions\/121"}],"wp:attachment":[{"href":"http:\/\/www.juliaheim.de\/index.php\/wp-json\/wp\/v2\/media?parent=114"}],"curies":[{"name":"wp","href":"https:\/\/api.w.org\/{rel}","templated":true}]}}